{"id":2742,"date":"2025-03-06T18:33:58","date_gmt":"2025-03-06T18:33:58","guid":{"rendered":"http:\/\/domainevertbleu.fr\/home-3\/"},"modified":"2026-04-05T15:31:19","modified_gmt":"2026-04-05T15:31:19","slug":"accueil-2","status":"publish","type":"page","link":"https:\/\/domainevertbleu.fr\/","title":{"rendered":"Accueil"},"content":{"rendered":"\n<p>Au c\u0153ur de la campagne, \u00e0 deux pas de la mer, le Domaine Vert Bleu s\u2019\u00e9panouit dans une ancienne ferme que nous avons enti\u00e8rement r\u00e9habilit\u00e9e avec soin. Les murs \u00e0 la chaux du rez-de-chauss\u00e9e, les parquets en bois massif des \u00e9tages, les mat\u00e9riaux naturels et les lignes \u00e9pur\u00e9es racontent une histoire. Nous avons imagin\u00e9 des espaces capables d\u2019accueillir les voyageurs comme on accueille des amis\u202f: avec chaleur et authenticit\u00e9. Ici, chaque pierre, chaque ouverture sur le paysage, chaque choix de mati\u00e8re a \u00e9t\u00e9 pens\u00e9 pour cr\u00e9er une harmonie entre confort moderne et charme naturel. Un lieu o\u00f9 l\u2019on a envie de revenir. Un lieu qui marque. Un lieu qui fait du bien.<\/p>\n\n\n\n<p>Nous avons voulu cr\u00e9er bien plus qu\u2019un h\u00e9bergement. Nous avons imagin\u00e9 un espace de renaturation, un refuge o\u00f9 l\u2019on se r\u00e9veille avec la lumi\u00e8re douce du matin, o\u00f9 l\u2019on savoure un caf\u00e9 face \u00e0 la nature, o\u00f9 l\u2019on prend enfin le temps de se d\u00e9connecter du rythme effr\u00e9n\u00e9 du quotidien pour retrouver le calme, la respiration, l\u2019essentiel.<\/p>\n\n\n\n<p>Notre havre de paix abrite trois g\u00eetes ind\u00e9pendants, reli\u00e9s par une entr\u00e9e commune permettant de louer un, deux ou trois g\u00eetes selon vos besoins. Que vous voyagiez en couple, en famille ou en groupe, le Domaine Vert Bleu s\u2019adapte \u00e0 vos envies tout en pr\u00e9servant l\u2019intimit\u00e9 de chacun. Tous nos g\u00eetes sont orient\u00e9s plein Sud, baign\u00e9s de lumi\u00e8re et ouverts sur notre parc naturel. Un parc que nous fa\u00e7onnons patiemment, avec passion\u202f: notre Mini For\u00eat, un \u00e9crin v\u00e9g\u00e9tal en devenir o\u00f9 nous avons d\u00e9j\u00e0 plant\u00e9 une soixantaine d\u2019arbres \u2014 ch\u00eanes, tilleuls, ch\u00e2taigniers, h\u00eatres, noisetiers, noyer, eucalyptus\u2026 Une diversit\u00e9 qui promet ombre, fra\u00eecheur, biodiversit\u00e9 et une atmosph\u00e8re apaisante au fil des saisons. Chaque arbre semble raconter sa propre histoire.<\/p>\n\n\n\n<p>Au Domaine Vert Bleu, chaque s\u00e9jour est une parenth\u00e8se. Un moment suspendu o\u00f9 l\u2019on se reconnecte \u00e0 la nature, \u00e0 soi, aux autres. Un lieu o\u00f9 l\u2019on respire mieux, o\u00f9 l\u2019on vit plus lentement, o\u00f9 l\u2019on se sent bien. Un domaine ouvert sur son territoire\u202f: la gastronomie locale, les chemins de randonn\u00e9e, les plages, les march\u00e9s, les artisans, les festivals\u2026 Tout ce qui fait la richesse de notre r\u00e9gion est \u00e0 port\u00e9e de main. Ici, on ressent une impression de calme profond, de beaut\u00e9 simple, de respiration retrouv\u00e9e. Ici, on ne vient pas seulement s\u00e9journer. On vient se ressourcer.<\/p>\n","protected":false},"excerpt":{"rendered":"<p>Au c\u0153ur de la campagne, \u00e0 deux pas de la mer, le Domaine Vert Bleu s\u2019\u00e9panouit dans une ancienne ferme que nous avons enti\u00e8rement r\u00e9habilit\u00e9e avec soin. Les murs \u00e0 la chaux du rez-de-chauss\u00e9e, les parquets en bois massif des \u00e9tages, les mat\u00e9riaux naturels et les lignes \u00e9pur\u00e9es racontent une histoire. Nous avons imagin\u00e9 des [&hellip;]<\/p>\n","protected":false},"author":1,"featured_media":3304,"parent":0,"menu_order":0,"comment_status":"closed","ping_status":"closed","template":"","meta":{"footnotes":""},"class_list":["post-2742","page","type-page","status-publish","has-post-thumbnail","hentry"],"_links":{"self":[{"href":"https:\/\/domainevertbleu.fr\/index.php?rest_route=\/wp\/v2\/pages\/2742","targetHints":{"allow":["GET"]}}],"collection":[{"href":"https:\/\/domainevertbleu.fr\/index.php?rest_route=\/wp\/v2\/pages"}],"about":[{"href":"https:\/\/domainevertbleu.fr\/index.php?rest_route=\/wp\/v2\/types\/page"}],"author":[{"embeddable":true,"href":"https:\/\/domainevertbleu.fr\/index.php?rest_route=\/wp\/v2\/users\/1"}],"replies":[{"embeddable":true,"href":"https:\/\/domainevertbleu.fr\/index.php?rest_route=%2Fwp%2Fv2%2Fcomments&post=2742"}],"version-history":[{"count":3,"href":"https:\/\/domainevertbleu.fr\/index.php?rest_route=\/wp\/v2\/pages\/2742\/revisions"}],"predecessor-version":[{"id":3689,"href":"https:\/\/domainevertbleu.fr\/index.php?rest_route=\/wp\/v2\/pages\/2742\/revisions\/3689"}],"wp:featuredmedia":[{"embeddable":true,"href":"https:\/\/domainevertbleu.fr\/index.php?rest_route=\/wp\/v2\/media\/3304"}],"wp:attachment":[{"href":"https:\/\/domainevertbleu.fr\/index.php?rest_route=%2Fwp%2Fv2%2Fmedia&parent=2742"}],"curies":[{"name":"wp","href":"https:\/\/api.w.org\/{rel}","templated":true}]}}