{"id":3078,"date":"2026-02-17T22:01:29","date_gmt":"2026-02-17T22:01:29","guid":{"rendered":"https:\/\/domainevertbleu.fr\/?page_id=3078"},"modified":"2026-04-05T16:37:12","modified_gmt":"2026-04-05T16:37:12","slug":"startseite","status":"publish","type":"page","link":"https:\/\/domainevertbleu.fr\/?page_id=3078&lang=de","title":{"rendered":"Startseite"},"content":{"rendered":"\n<p>Im Herzen des Gr\u00fcnens, nur einen Steinwurf vom Meer entfernt, befindet sich die Domaine Vert Bleu in einem ehemaligen Bauernhof, den wir liebevoll und vollst\u00e4ndig renoviert haben. Die Granitsteinmauern im Erdgeschoss, die Massivholzdielen in den oberen Stockwerken, die nat\u00fcrlichen Materialien und die klaren Linien erz\u00e4hlen eine Geschichte. Wir haben R\u00e4ume geschaffen, in denen Reisende wie Freunde empfangen werden: mit Herzlichkeit und Authentizit\u00e4t&#8230; Hier wurde jeder verfugte Stein, jeder Blick auf die Landschaft, jede Materialauswahl sorgf\u00e4ltig durchdacht, um eine Harmonie zwischen modernem Komfort und nat\u00fcrlichem Charme zu schaffen. Ein Ort, an den man gerne zur\u00fcckkehrt. Ein Ort, der Eindr\u00fccke hinterl\u00e4sst. Ein Ort, der gut tut.<\/p>\n\n\n\n<p>Wir wollten viel mehr als nur eine Ferienwohnung kreieren. Wir haben uns einen Ort der Renaturierung vorgestellt, einen Zufluchtsort in dem man mit dem sanften Licht des Morgens aufwacht, wo man einen Kaffee oder Tee mit Blick auf die Natur genie\u00dft, wo man sich endlich die Zeit nimmt, sich vom hektischen Alltag zu l\u00f6sen, tief durchatmen kann, insichzugehen und das Wesentliche wiederzufinden.<\/p>\n\n\n\n<p>Unsere Oase der Ruhe bietet drei unabh\u00e4ngige Ferienwohnungen, die durch einen gemeinsamen Eingang miteinander verbunden sind, sodass Sie je nach Bedarf eine, zwei oder drei Ferienwohnungen mieten k\u00f6nnen. Ob Sie zu zweit, mit der Familie oder in einer Gruppe reisen, die Domaine Vert Bleu passt sich Ihren W\u00fcnschen an und bewahrt gleichzeitig die Privatsph\u00e4re jedes Einzelnen. Alle unsere Ferienwohnungen sind nach S\u00fcden ausgerichtet, lichtdurchflutet und bieten einen Blick auf unseren jungen Naturpark. Einen Park, den wir geduldig und mit Leidenschaft gestalten: unseren Mini-Wald, eine sich entwickelnde Pflanzenwelt, in der wir bereits etwa sechzig B\u00e4ume gepflanzt haben \u2013 Eichen, Linden, Kastanien, Buchen, Haselnuss-, Walnuss- und Eukalyptusb\u00e4ume&#8230; Eine Vielfalt, die Schatten, Frische, Artenvielfalt und eine beruhigende Atmosph\u00e4re im Laufe der Jahreszeiten verspricht. Jeder Baum scheint seine eigene Geschichte erz\u00e4hlen zu wollen.<\/p>\n\n\n\n<p>In der Domaine Vert Bleu ist jeder Aufenthalt eine Auszeit. Ein zeitloser Moment, in dem man die Verbindung zur Natur, sich selbst und zu Anderen wiederfindet. Ein Ort, an dem man besser atmen kann, an dem das Leben langsamer verl\u00e4uft und an dem man sich wohlf\u00fchlt; Eine Dom\u00e4ne, mit der \u00d6ffnung auf ihre Umgebung: lokale Gastronomie, Wanderwege, Str\u00e4nde, M\u00e4rkte, Handwerker, Festivals&#8230; Alles, was den Reichtum unserer Region ausmacht, ist zum Greifen nah. Hier erlebt man eine tiefe Ruhe, schlichte Sch\u00f6nheit und wiedergewonnenes Atmen. Man kommt hier nicht nur zum Urlaub. Man kommt, um neue Kraft zu tanken.<\/p>\n\n\n\n<p class=\"has-text-align-center\"><strong>Allgemeine Dienstleistungen<\/strong><\/p>\n\n\n\n<figure class=\"wp-block-table\"><table class=\"has-fixed-layout\"><tbody><tr><td>Endreinigung nicht im Preis inbegriffen:<br>\u20ac60 (Preis f\u00fcr den gesamten Aufenthalt)<\/td><td>Handt\u00fccher und Bettw\u00e4sche im Preis inbegriffen.<br>Bei Bedarf zus\u00e4tzlich:<br>Handtuchset: Waschlappen + kleines und gro\u00dfes Handtuch:<br>\u20ac5.00<\/td><\/tr><tr><td>Fahrradverleih:<br>\u20ac12.00 (Preis f\u00fcr 24 Stunden)<\/td><td>Heizungszuschlag von November bis M\u00e4rz:<br>\u20ac20.00 pro Aufenthalt<\/td><\/tr><tr><td>Waschk\u00fcche zur freien Verf\u00fcgung mit Waschmaschine und W\u00e4schetrockner.<\/td><td><\/td><\/tr><\/tbody><\/table><\/figure>\n\n\n\n<p class=\"has-text-align-center\"><strong>Auf Reservierung<\/strong><\/p>\n\n\n\n<ul class=\"wp-block-list\">\n<li> Kostenlos Babyausstattung: Reisebett, Hochstuhl, usw.<\/li>\n\n\n\n<li>Ein Transfer zum Bahnhof Coutances  ist m\u00f6glich: 10 \u20ac pro Fahrt<\/li>\n<\/ul>\n\n\n\n<p class=\"has-text-align-center\"><strong>Gut zu wissen<\/strong><\/p>\n\n\n\n<ul class=\"wp-block-list\">\n<li>Die Ferienwohnungen sind nicht f\u00fcr Personen mit eingeschr\u00e4nkter Mobilit\u00e4t geeignet, da sich die Schlafzimmer im Obergeschoss befinden.<\/li>\n\n\n\n<li>Reservierung pro Woche in der Hochsaison. Zwei N\u00e4chte Mindestbuchung im restlichen Jahr.<\/li>\n\n\n\n<li>Haustiere sind nicht gestattet.<\/li>\n\n\n\n<li>Nichtraucher-Ferienwohnungen.<\/li>\n\n\n\n<li>Zum Komfort der Ferieng\u00e4ste sind Autos zum Be- und Entladen von Gep\u00e4ck im Hof erlaubt. Wir bitten Sie, sie anschlie\u00dfend auf dem \u00fcberdachten Parkplatz im Mini-Wald zu parken.<\/li>\n\n\n\n<li>Sicherer Abstellraum f\u00fcr unsere Freunde auf zwei R\u00e4dern.<\/li>\n\n\n\n<li>TV: franz\u00f6sisches DVB-T + 2 Satelliten (Englisch, Deutsch, &#8230;)<\/li>\n\n\n\n<li>Internet: Ethernet + WLAN (Glasfaser).<\/li>\n\n\n\n<li>In der Hochsaison bieten wir Abende mit lokalen K\u00f6stlichkeiten an, wie Austernessen, Grillen und vieles mehr.<\/li>\n<\/ul>\n\n\n\n<p class=\"has-text-align-center\"><strong><strong>Standort<\/strong><\/strong><\/p>\n\n\n\n<p>Le Domaine Vert Bleu<br>8 La Hurie<br>50560 Blainville-sur-Mer<br>Frankreich<br><br>Mobiltelefon: <img loading=\"lazy\" decoding=\"async\" width=\"32\" height=\"32\" src=\"https:\/\/domainevertbleu.fr\/wp-content\/uploads\/2026\/02\/icons8-allemagne-emoji-48.png\" alt=\"\"><img loading=\"lazy\" decoding=\"async\" width=\"32\" height=\"32\" src=\"https:\/\/domainevertbleu.fr\/wp-content\/uploads\/2026\/02\/icons8-royaume-uni-emoji-48.png\" alt=\"\"><img loading=\"lazy\" decoding=\"async\" width=\"32\" height=\"32\" src=\"https:\/\/domainevertbleu.fr\/wp-content\/uploads\/2026\/02\/icons8-france-emoji-48.png\" alt=\"\"> +33 6 73 83 25 11<br>Mobiltelefon: <img loading=\"lazy\" decoding=\"async\" width=\"32\" height=\"32\" src=\"https:\/\/domainevertbleu.fr\/wp-content\/uploads\/2026\/02\/icons8-royaume-uni-emoji-48.png\" alt=\"\"><img loading=\"lazy\" decoding=\"async\" width=\"32\" height=\"32\" src=\"https:\/\/domainevertbleu.fr\/wp-content\/uploads\/2026\/02\/icons8-france-emoji-48.png\" alt=\"\"> +33 7 69 73 70 12<br><br>GPS Koordinaten:<br>49.065179, -1.547011<\/p>\n\n\n<div class=\"leaflet-map WPLeafletMap\" style=\"height:250px; width:100%;\"><\/div><script>\nwindow.WPLeafletMapPlugin = window.WPLeafletMapPlugin || [];\nwindow.WPLeafletMapPlugin.push(function WPLeafletMapShortcode() {\/*<script>*\/\nvar baseUrl = atob('aHR0cHM6Ly90aWxlLm9wZW5zdHJlZXRtYXAub3JnL3t6fS97eH0ve3l9LnBuZw==');\nvar base = (!baseUrl && window.MQ) ?\n    window.MQ.mapLayer() : L.tileLayer(baseUrl,\n        L.Util.extend({}, {\n            detectRetina: 0,\n        },\n        {\"subdomains\":\"abc\",\"noWrap\":false,\"maxZoom\":19}        )\n    );\n    var options = L.Util.extend({}, {\n        layers: [base],\n        attributionControl: false\n    },\n    {\"zoomControl\":true,\"scrollWheelZoom\":false,\"doubleClickZoom\":false,\"fitBounds\":false,\"minZoom\":0,\"maxZoom\":19,\"maxBounds\":null,\"attribution\":\"<a href=\\\"http:\\\/\\\/leafletjs.com\\\" title=\\\"Une biblioth\\u00e8que JS pour des cartes interactives\\\">Leaflet<\\\/a>; \\u00a9 <a href=\\\"http:\\\/\\\/www.openstreetmap.org\\\/copyright\\\">OpenStreetMap<\\\/a> contributeurs\\\/contributrices\"},\n    {});\nwindow.WPLeafletMapPlugin.createMap(options).setView([49.061223758757,-1.5027236938477],11);});<\/script>\n<script>\nwindow.WPLeafletMapPlugin = window.WPLeafletMapPlugin || [];\nwindow.WPLeafletMapPlugin.push(function WPLeafletMarkerShortcode() {\/*<script>*\/\nvar map = window.WPLeafletMapPlugin.getCurrentMap();\nvar group = window.WPLeafletMapPlugin.getCurrentGroup();\nvar marker_options = window.WPLeafletMapPlugin.getIconOptions({});\nvar marker = L.marker(\n    [49.065403101279,-1.5472269058228],\n    marker_options\n);\nvar is_image = map.is_image_map;\nif (marker_options.draggable) {\n    marker.on('dragend', function () {\n        var latlng = this.getLatLng();\n        var lat = latlng.lat;\n        var lng = latlng.lng;\n        if (is_image) {\n            console.log('leaflet-marker y=' + lat + ' x=' + lng);\n        } else {\n            console.log('leaflet-marker lat=' + lat + ' lng=' + lng);\n        }\n    });\n}\nmarker.addTo( group );\nwindow.WPLeafletMapPlugin.markers.push( marker );\n        });<\/script>\n\n\n\n<p><a href=\"https:\/\/www.google.com\/maps\/place\/Le+Domaine+Vert+Bleu\/@49.0650476,-1.5495651,17z\/data=!4m15!1m8!3m7!1s0x480c72f1455f86d5:0xf86e340f0f368296!2s8+La+Hurie,+50560+Blainville-sur-Mer!3b1!8m2!3d49.0650476!4d-1.5469848!16s%2Fg%2F11tcjr57z_!3m5!1s0x480c7300610eb8f5:0x3d730896002b816d!8m2!3d49.0650248!4d-1.5469677!16s%2Fg%2F11y0f676xl?entry=ttu&#038;g_ep=EgoyMDI2MDIxMS4wIKXMDSoASAFQAw%3D%3D\" target=\"_blank\">Link zu Google Maps<\/a><\/p>\n\n\n\n<p class=\"has-text-align-center\"><strong>Einrichtungen<\/strong><\/p>\n\n\n\n<ul class=\"wp-block-list\">\n<li>St-Malo-de-la-Lande&nbsp;: 1 km<br>Nette Kneipe \/ Tabakladen \/ Lebensmittelgesch\u00e4ft \/ Postamt \/ Brotverkauf \/ Gl\u00fccksspiele<\/li>\n\n\n\n<li>Blainville-sur-Mer : 4.4 km<br>Alle Gesch\u00e4fte (Carrefour Market, Peugeot Citro\u00ebn-Werkstatt, Fahrradgesch\u00e4ft, Fremdenverkehrsamt\u2026)<br>und Restaurants (Le Mascaret, L&rsquo;Athome, Les Blainvillais, Le Grand Herbet,\u2026)<\/li>\n\n\n\n<li>Bahnhof Coutances 12 km<\/li>\n\n\n\n<li>Flughafen Caen Carpiquet 104 km<\/li>\n<\/ul>\n\n\n\n<p class=\"has-text-align-center\"><strong>Freizeit<\/strong><\/p>\n\n\n\n<ul class=\"wp-block-list\">\n<li>Gonneville, Blainville, Agon, Coutainville, Pirou, usw, Badestr\u00e4nde 4.5 km<\/li>\n\n\n\n<li>Agon-Coutainville&nbsp;: 5.4 km<br>Alle Gesch\u00e4fte, Restaurants und Banken.<br>Pferderennbahn, Golfplatz, Casino, Tennisclub und Hallenbad, Reitzentrum, Wassersportclub<\/li>\n\n\n\n<li>Granville&nbsp;: 35 km<br>Shuttleboote zu den Inseln Chausey \/ Jersey \/ Guernesey<\/li>\n\n\n\n<li>Ste-M\u00e8re-Eglise \/ Utah Beach 51 km<\/li>\n\n\n\n<li>Colleville-sur-Mer, Landungsstr\u00e4nde 80.7 km<\/li>\n\n\n\n<li>Mont-Saint-Michel 82 km<\/li>\n<\/ul>\n\n\n\n<p class=\"has-text-align-center\"><strong>Weiteres<\/strong><\/p>\n\n\n\n<p>Die feinen Sandstr\u00e4nde, die Burgen von Gratot und Pirou, die Kathedrale von Coutances, die Abtei von Hambye, Museen, G\u00e4rten, die Landungsstr\u00e4nde, Bayeux, usw.<\/p>\n\n\n\n<p class=\"has-text-align-center\"><a href=\"https:\/\/www.tourisme-coutances.fr\">https:\/\/www.tourisme-coutances.fr<\/a><\/p>\n","protected":false},"excerpt":{"rendered":"<p>Im Herzen des Gr\u00fcnens, nur einen Steinwurf vom Meer entfernt, befindet sich die Domaine Vert Bleu in einem ehemaligen Bauernhof, den wir liebevoll und vollst\u00e4ndig renoviert haben. Die Granitsteinmauern im Erdgeschoss, die Massivholzdielen in den oberen Stockwerken, die nat\u00fcrlichen Materialien und die klaren Linien erz\u00e4hlen eine Geschichte. Wir haben R\u00e4ume geschaffen, in denen Reisende wie [&hellip;]<\/p>\n","protected":false},"author":1,"featured_media":3304,"parent":0,"menu_order":16,"comment_status":"closed","ping_status":"closed","template":"pages-de","meta":{"footnotes":""},"class_list":["post-3078","page","type-page","status-publish","has-post-thumbnail","hentry"],"_links":{"self":[{"href":"https:\/\/domainevertbleu.fr\/index.php?rest_route=\/wp\/v2\/pages\/3078","targetHints":{"allow":["GET"]}}],"collection":[{"href":"https:\/\/domainevertbleu.fr\/index.php?rest_route=\/wp\/v2\/pages"}],"about":[{"href":"https:\/\/domainevertbleu.fr\/index.php?rest_route=\/wp\/v2\/types\/page"}],"author":[{"embeddable":true,"href":"https:\/\/domainevertbleu.fr\/index.php?rest_route=\/wp\/v2\/users\/1"}],"replies":[{"embeddable":true,"href":"https:\/\/domainevertbleu.fr\/index.php?rest_route=%2Fwp%2Fv2%2Fcomments&post=3078"}],"version-history":[{"count":2,"href":"https:\/\/domainevertbleu.fr\/index.php?rest_route=\/wp\/v2\/pages\/3078\/revisions"}],"predecessor-version":[{"id":3194,"href":"https:\/\/domainevertbleu.fr\/index.php?rest_route=\/wp\/v2\/pages\/3078\/revisions\/3194"}],"wp:featuredmedia":[{"embeddable":true,"href":"https:\/\/domainevertbleu.fr\/index.php?rest_route=\/wp\/v2\/media\/3304"}],"wp:attachment":[{"href":"https:\/\/domainevertbleu.fr\/index.php?rest_route=%2Fwp%2Fv2%2Fmedia&parent=3078"}],"curies":[{"name":"wp","href":"https:\/\/api.w.org\/{rel}","templated":true}]}}