{"id":3670,"date":"2026-04-05T14:08:10","date_gmt":"2026-04-05T14:08:36","guid":{"rendered":"https:\/\/domainevertbleu.fr\/?page_id=3670"},"modified":"2026-04-05T15:49:04","modified_gmt":"2026-04-05T15:49:04","slug":"bon-a-savoir","status":"publish","type":"page","link":"https:\/\/domainevertbleu.fr\/?page_id=3670","title":{"rendered":"Bon \u00e0 savoir"},"content":{"rendered":"\n<ul class=\"wp-block-list is-style-default\">\n<li>G\u00eetes non adapt\u00e9s aux personnes \u00e0 mobilit\u00e9 r\u00e9duite, les chambres \u00e9tant \u00e0 l\u2019\u00e9tage.<\/li>\n\n\n\n<li>Location \u00e0 la semaine en haute saison. A partir de 2 nuits le reste de l\u2019ann\u00e9e.<\/li>\n\n\n\n<li>Animaux non admis.<\/li>\n\n\n\n<li>G\u00eetes Non-fumeur.<\/li>\n\n\n\n<li>Pour le confort de tous, les voitures sont admises dans la cour le temps des d\u00e9chargements et chargements des bagages. Nous vous remercions de les garer ensuite sous le Parking couvert, situ\u00e9 dans la mini for\u00eat.<\/li>\n\n\n\n<li>Local s\u00e9curis\u00e9 pour nos amis en 2 roues.<\/li>\n\n\n\n<li>TV&nbsp;: TNT fran\u00e7aise + bouquet 2 satellites (anglais, allemand,\u2026)<\/li>\n\n\n\n<li>Internet&nbsp;: Ethernet + wifi.<\/li>\n\n\n\n<li>Des soir\u00e9es d\u00e9gustations (hu\u00eetres, barbecue, \u2026produits locaux uniquement) seront propos\u00e9es en haute saison.<\/li>\n<\/ul>\n","protected":false},"excerpt":{"rendered":"","protected":false},"author":1,"featured_media":3304,"parent":0,"menu_order":2,"comment_status":"closed","ping_status":"closed","template":"","meta":{"footnotes":""},"class_list":["post-3670","page","type-page","status-publish","has-post-thumbnail","hentry"],"_links":{"self":[{"href":"https:\/\/domainevertbleu.fr\/index.php?rest_route=\/wp\/v2\/pages\/3670","targetHints":{"allow":["GET"]}}],"collection":[{"href":"https:\/\/domainevertbleu.fr\/index.php?rest_route=\/wp\/v2\/pages"}],"about":[{"href":"https:\/\/domainevertbleu.fr\/index.php?rest_route=\/wp\/v2\/types\/page"}],"author":[{"embeddable":true,"href":"https:\/\/domainevertbleu.fr\/index.php?rest_route=\/wp\/v2\/users\/1"}],"replies":[{"embeddable":true,"href":"https:\/\/domainevertbleu.fr\/index.php?rest_route=%2Fwp%2Fv2%2Fcomments&post=3670"}],"version-history":[{"count":4,"href":"https:\/\/domainevertbleu.fr\/index.php?rest_route=\/wp\/v2\/pages\/3670\/revisions"}],"predecessor-version":[{"id":3701,"href":"https:\/\/domainevertbleu.fr\/index.php?rest_route=\/wp\/v2\/pages\/3670\/revisions\/3701"}],"wp:featuredmedia":[{"embeddable":true,"href":"https:\/\/domainevertbleu.fr\/index.php?rest_route=\/wp\/v2\/media\/3304"}],"wp:attachment":[{"href":"https:\/\/domainevertbleu.fr\/index.php?rest_route=%2Fwp%2Fv2%2Fmedia&parent=3670"}],"curies":[{"name":"wp","href":"https:\/\/api.w.org\/{rel}","templated":true}]}}