{"id":3671,"date":"2026-04-05T14:08:10","date_gmt":"2026-04-05T14:08:36","guid":{"rendered":"https:\/\/domainevertbleu.fr\/?page_id=3671"},"modified":"2026-04-05T15:47:24","modified_gmt":"2026-04-05T15:47:24","slug":"services-communs","status":"publish","type":"page","link":"https:\/\/domainevertbleu.fr\/?page_id=3671","title":{"rendered":"Services communs"},"content":{"rendered":"\n<figure class=\"wp-block-table\"><table class=\"has-fixed-layout\"><tbody><tr><td>Forfait m\u00e9nage de fin de s\u00e9jour non inclus dans le prix&nbsp;:<br><em>60.00 \u20ac&nbsp;(tarif pour tout le s\u00e9jour)<\/em><\/td><td>Linges de toilette et draps inclus dans le prix<br>Si besoin suppl\u00e9mentaire&nbsp;:<br>Kit Linge de toilette&nbsp;: gant + petite et grande serviette.<br><em>5.00 \u20ac<\/em><\/td><\/tr><tr><td>Location v\u00e9lo<br><em>12.00 \u20ac&nbsp;(tarif 24H)<\/em><\/td><td>Surtaxe chauffage de novembre \u00e0 mars<br><em>20.00 \u20ac par s\u00e9jour<\/em><\/td><\/tr><tr><td>Buanderie accessible en libre-service avec lave-linge&nbsp; et s\u00e8che-linge.<\/td><td><\/td><\/tr><\/tbody><\/table><\/figure>\n\n\n\n<p class=\"has-text-align-center\"><strong>Sur r\u00e9servation<\/strong><\/p>\n\n\n\n<ul class=\"wp-block-list\">\n<li>\u00c9quipement b\u00e9b\u00e9 gratuit possible : lit parapluie, chaise haute,\u2026<\/li>\n\n\n\n<li>Transfert possible pour la gare de Coutances :<em> 10\u20ac par trajet<\/em><\/li>\n<\/ul>\n","protected":false},"excerpt":{"rendered":"<p>Forfait m\u00e9nage de fin de s\u00e9jour non inclus dans le prix&nbsp;:60.00 \u20ac&nbsp;(tarif pour tout le s\u00e9jour) Linges de toilette et draps inclus dans le prixSi besoin suppl\u00e9mentaire&nbsp;:Kit Linge de toilette&nbsp;: gant + petite et grande serviette.5.00 \u20ac Location v\u00e9lo12.00 \u20ac&nbsp;(tarif 24H) Surtaxe chauffage de novembre \u00e0 mars20.00 \u20ac par s\u00e9jour Buanderie accessible en libre-service avec [&hellip;]<\/p>\n","protected":false},"author":1,"featured_media":3304,"parent":0,"menu_order":1,"comment_status":"closed","ping_status":"closed","template":"","meta":{"footnotes":""},"class_list":["post-3671","page","type-page","status-publish","has-post-thumbnail","hentry"],"_links":{"self":[{"href":"https:\/\/domainevertbleu.fr\/index.php?rest_route=\/wp\/v2\/pages\/3671","targetHints":{"allow":["GET"]}}],"collection":[{"href":"https:\/\/domainevertbleu.fr\/index.php?rest_route=\/wp\/v2\/pages"}],"about":[{"href":"https:\/\/domainevertbleu.fr\/index.php?rest_route=\/wp\/v2\/types\/page"}],"author":[{"embeddable":true,"href":"https:\/\/domainevertbleu.fr\/index.php?rest_route=\/wp\/v2\/users\/1"}],"replies":[{"embeddable":true,"href":"https:\/\/domainevertbleu.fr\/index.php?rest_route=%2Fwp%2Fv2%2Fcomments&post=3671"}],"version-history":[{"count":1,"href":"https:\/\/domainevertbleu.fr\/index.php?rest_route=\/wp\/v2\/pages\/3671\/revisions"}],"predecessor-version":[{"id":3676,"href":"https:\/\/domainevertbleu.fr\/index.php?rest_route=\/wp\/v2\/pages\/3671\/revisions\/3676"}],"wp:featuredmedia":[{"embeddable":true,"href":"https:\/\/domainevertbleu.fr\/index.php?rest_route=\/wp\/v2\/media\/3304"}],"wp:attachment":[{"href":"https:\/\/domainevertbleu.fr\/index.php?rest_route=%2Fwp%2Fv2%2Fmedia&parent=3671"}],"curies":[{"name":"wp","href":"https:\/\/api.w.org\/{rel}","templated":true}]}}