{"id":3672,"date":"2026-04-05T14:08:10","date_gmt":"2026-04-05T14:08:36","guid":{"rendered":"https:\/\/domainevertbleu.fr\/?page_id=3672"},"modified":"2026-04-05T15:50:24","modified_gmt":"2026-04-05T15:50:24","slug":"localisation","status":"publish","type":"page","link":"https:\/\/domainevertbleu.fr\/?page_id=3672","title":{"rendered":"Localisation"},"content":{"rendered":"\n<p class=\"has-text-align-left\">Le Domaine Vert Bleu<br>8 La Hurie<br>50560 Blainville-sur-Mer<br><br>T\u00e9l. : <img loading=\"lazy\" decoding=\"async\" width=\"32\" height=\"32\" class=\"wp-image-3138\" style=\"width: 32px;\" src=\"https:\/\/domainevertbleu.fr\/wp-content\/uploads\/2026\/02\/icons8-allemagne-emoji-48.png\" alt=\"\"><img loading=\"lazy\" decoding=\"async\" width=\"32\" height=\"32\" class=\"wp-image-3137\" style=\"width: 32px;\" src=\"https:\/\/domainevertbleu.fr\/wp-content\/uploads\/2026\/02\/icons8-royaume-uni-emoji-48.png\" alt=\"\"><img loading=\"lazy\" decoding=\"async\" width=\"32\" height=\"32\" class=\"wp-image-3139\" style=\"width: 32px;\" src=\"https:\/\/domainevertbleu.fr\/wp-content\/uploads\/2026\/02\/icons8-france-emoji-48.png\" alt=\"\"> +33 6 73 83 25 11<br>T\u00e9l. : <img loading=\"lazy\" decoding=\"async\" width=\"32\" height=\"32\" class=\"wp-image-3137\" style=\"width: 32px;\" src=\"https:\/\/domainevertbleu.fr\/wp-content\/uploads\/2026\/02\/icons8-royaume-uni-emoji-48.png\" alt=\"\"><img loading=\"lazy\" decoding=\"async\" width=\"32\" height=\"32\" class=\"wp-image-3139\" style=\"width: 32px;\" src=\"https:\/\/domainevertbleu.fr\/wp-content\/uploads\/2026\/02\/icons8-france-emoji-48.png\" alt=\"\"> +33 7 69 73 70 12<br><br>Coordonn\u00e9es GPS :<br>49.065179, -1.547011<\/p>\n\n\n<div class=\"leaflet-map WPLeafletMap\" style=\"height:250px; width:100%;\"><\/div><script>\nwindow.WPLeafletMapPlugin = window.WPLeafletMapPlugin || [];\nwindow.WPLeafletMapPlugin.push(function WPLeafletMapShortcode() {\/*<script>*\/\nvar baseUrl = atob('aHR0cHM6Ly90aWxlLm9wZW5zdHJlZXRtYXAub3JnL3t6fS97eH0ve3l9LnBuZw==');\nvar base = (!baseUrl && window.MQ) ?\n    window.MQ.mapLayer() : L.tileLayer(baseUrl,\n        L.Util.extend({}, {\n            detectRetina: 0,\n        },\n        {\"subdomains\":\"abc\",\"noWrap\":false,\"maxZoom\":19}        )\n    );\n    var options = L.Util.extend({}, {\n        layers: [base],\n        attributionControl: false\n    },\n    {\"zoomControl\":true,\"scrollWheelZoom\":false,\"doubleClickZoom\":false,\"fitBounds\":false,\"minZoom\":0,\"maxZoom\":19,\"maxBounds\":null,\"attribution\":\"<a href=\\\"http:\\\/\\\/leafletjs.com\\\" title=\\\"Une biblioth\\u00e8que JS pour des cartes interactives\\\">Leaflet<\\\/a>; \\u00a9 <a href=\\\"http:\\\/\\\/www.openstreetmap.org\\\/copyright\\\">OpenStreetMap<\\\/a> contributeurs\\\/contributrices\"},\n    {});\nwindow.WPLeafletMapPlugin.createMap(options).setView([49.061223758757,-1.5027236938477],11);});<\/script>\n<script>\nwindow.WPLeafletMapPlugin = window.WPLeafletMapPlugin || [];\nwindow.WPLeafletMapPlugin.push(function WPLeafletMarkerShortcode() {\/*<script>*\/\nvar map = window.WPLeafletMapPlugin.getCurrentMap();\nvar group = window.WPLeafletMapPlugin.getCurrentGroup();\nvar marker_options = window.WPLeafletMapPlugin.getIconOptions({});\nvar marker = L.marker(\n    [49.065403101279,-1.5472269058228],\n    marker_options\n);\nvar is_image = map.is_image_map;\nif (marker_options.draggable) {\n    marker.on('dragend', function () {\n        var latlng = this.getLatLng();\n        var lat = latlng.lat;\n        var lng = latlng.lng;\n        if (is_image) {\n            console.log('leaflet-marker y=' + lat + ' x=' + lng);\n        } else {\n            console.log('leaflet-marker lat=' + lat + ' lng=' + lng);\n        }\n    });\n}\nmarker.addTo( group );\nwindow.WPLeafletMapPlugin.markers.push( marker );\n        });<\/script>\n\n\n\n<p><a href=\"https:\/\/www.google.com\/maps\/place\/Le+Domaine+Vert+Bleu\/@49.0650476,-1.5495651,17z\/data=!4m15!1m8!3m7!1s0x480c72f1455f86d5:0xf86e340f0f368296!2s8+La+Hurie,+50560+Blainville-sur-Mer!3b1!8m2!3d49.0650476!4d-1.5469848!16s%2Fg%2F11tcjr57z_!3m5!1s0x480c7300610eb8f5:0x3d730896002b816d!8m2!3d49.0650248!4d-1.5469677!16s%2Fg%2F11y0f676xl?entry=ttu&#038;g_ep=EgoyMDI2MDIxMS4wIKXMDSoASAFQAw%3D%3D\" target=\"_blank\">Lien dans Google Maps<\/a><\/p>\n","protected":false},"excerpt":{"rendered":"<p>Le Domaine Vert Bleu8 La Hurie50560 Blainville-sur-Mer T\u00e9l. : +33 6 73 83 25 11T\u00e9l. : +33 7 69 73 70 12 Coordonn\u00e9es GPS :49.065179, -1.547011 Lien dans Google Maps<\/p>\n","protected":false},"author":1,"featured_media":3304,"parent":0,"menu_order":3,"comment_status":"closed","ping_status":"closed","template":"","meta":{"footnotes":""},"class_list":["post-3672","page","type-page","status-publish","has-post-thumbnail","hentry"],"_links":{"self":[{"href":"https:\/\/domainevertbleu.fr\/index.php?rest_route=\/wp\/v2\/pages\/3672","targetHints":{"allow":["GET"]}}],"collection":[{"href":"https:\/\/domainevertbleu.fr\/index.php?rest_route=\/wp\/v2\/pages"}],"about":[{"href":"https:\/\/domainevertbleu.fr\/index.php?rest_route=\/wp\/v2\/types\/page"}],"author":[{"embeddable":true,"href":"https:\/\/domainevertbleu.fr\/index.php?rest_route=\/wp\/v2\/users\/1"}],"replies":[{"embeddable":true,"href":"https:\/\/domainevertbleu.fr\/index.php?rest_route=%2Fwp%2Fv2%2Fcomments&post=3672"}],"version-history":[{"count":2,"href":"https:\/\/domainevertbleu.fr\/index.php?rest_route=\/wp\/v2\/pages\/3672\/revisions"}],"predecessor-version":[{"id":3684,"href":"https:\/\/domainevertbleu.fr\/index.php?rest_route=\/wp\/v2\/pages\/3672\/revisions\/3684"}],"wp:featuredmedia":[{"embeddable":true,"href":"https:\/\/domainevertbleu.fr\/index.php?rest_route=\/wp\/v2\/media\/3304"}],"wp:attachment":[{"href":"https:\/\/domainevertbleu.fr\/index.php?rest_route=%2Fwp%2Fv2%2Fmedia&parent=3672"}],"curies":[{"name":"wp","href":"https:\/\/api.w.org\/{rel}","templated":true}]}}